{"id":36,"date":"2020-03-12T07:41:36","date_gmt":"2020-03-12T07:41:36","guid":{"rendered":"https:\/\/prodizmemoria.com\/?page_id=36"},"modified":"2021-04-13T08:49:53","modified_gmt":"2021-04-13T08:49:53","slug":"disclaimer","status":"publish","type":"page","link":"https:\/\/prodizmemoria.com\/es\/disclaimer\/","title":{"rendered":"Disclaimer"},"content":{"rendered":"<p><strong>Aceptaci\u00f3n de pedidos<\/strong><br \/>\nTodos los pedidos se aceptan y procesan solo de acuerdo con las siguientes condiciones. El contratista \/ cliente \/ usuario acepta estas condiciones al utilizar el software Prodiz Memoria. Una vez procesado el pedido, el archivo transferido por el cliente se almacena en el servidor de Prodiz Memoria durante un m\u00e1ximo de 14 d\u00edas despu\u00e9s de la producci\u00f3n.<\/p>\n<p><strong>Derechos de autor<\/strong><br \/>\nEl contratista \/ cliente \/ usuario es responsable del contenido del archivo transferido. Prodiz Memoria no asume ninguna responsabilidad por el contenido del archivo. Prodiz Memoria asume que los derechos de autor del archivo pertenecen al cliente. El contratista \/ cliente \/ usuario es el \u00fanico responsable de las consecuencias del uso ilegal de los datos protegidos. Adem\u00e1s, el cliente debe cumplir estrictamente las disposiciones legales del pa\u00eds en cuesti\u00f3n al realizar el pedido \/ producci\u00f3n y cualquier distribuci\u00f3n del material.<\/p>\n<p><strong>Responsabilidad<\/strong><br \/>\nProdiz Memoria no se hace responsable en ning\u00fan caso de los da\u00f1os o p\u00e9rdidas de los archivos. Prodiz Memoria establece expresamente que la calidad del video u otro material de imagen en el video producido nunca podr\u00e1 ser mejor de lo que se puede esperar en base a lo que el cliente ve en la pantalla de su computadora cuando utiliza el creador \/ aplicaci\u00f3n Prodiz Memoria. La responsabilidad de Prodiz Memoria se limita a errores culposos de producci\u00f3n.<\/p>\n<p><strong>Tiempo de entrega<\/strong><br \/>\nTodos los trabajos se procesan despu\u00e9s de recibirlos en el servidor. Los retrasos en los plazos de entrega no pueden dar lugar a la anulaci\u00f3n del pedido ni a una indemnizaci\u00f3n.<\/p>\n<p><strong>Garant\u00eda<\/strong><br \/>\nLas reclamaciones, en cuanto se trate de una reclamaci\u00f3n clara, deber\u00e1n ser comunicadas dentro de las dos semanas siguientes a la entrega del pedido entregado por el contratista \/ cliente \/ usuario. En el caso de reclamaciones fundamentadas, solo se podr\u00e1 reclamar para volver a realizar la cesi\u00f3n.<\/p>\n<p>Prodiz Memoria es parte de DesignXpress BV \/ Aandachttrekkers<br \/>\nDesignXpress BV | Actuando bajo el nombre de Aandachttrekkers<\/p>\n<p>De Hulst 17<br \/>\n5807 EW Oostrum<br \/>\nThe Netherlands<br \/>\nN\u00famero KVK: 12048608<br \/>\nCIF: NL818042825B01<\/p>\n<p>Prodiz Memoria \u00a9 2020<\/p>","protected":false},"excerpt":{"rendered":"<p>Aceptaci\u00f3n de pedidos Todos los pedidos se aceptan y procesan solo de acuerdo con las siguientes condiciones. El contratista \/ cliente \/ usuario acepta estas condiciones al utilizar el software Prodiz Memoria. Una vez procesado el pedido, el archivo transferido<a class=\"more-link\" href=\"https:\/\/prodizmemoria.com\/es\/disclaimer\/\">Lees meer<\/a><\/p>\n","protected":false},"author":1,"featured_media":0,"parent":0,"menu_order":0,"comment_status":"closed","ping_status":"closed","template":"","meta":[],"yoast_head":"<!-- This site is optimized with the Yoast SEO plugin v16.2 - https:\/\/yoast.com\/wordpress\/plugins\/seo\/ -->\n<title>Disclaimer - Prodiz Memoria<\/title>\n<meta name=\"robots\" content=\"index, follow, max-snippet:-1, max-image-preview:large, max-video-preview:-1\" \/>\n<link rel=\"canonical\" href=\"https:\/\/prodizmemoria.com\/disclaimer\/\" \/>\n<meta property=\"og:locale\" content=\"es_ES\" \/>\n<meta property=\"og:type\" content=\"article\" \/>\n<meta property=\"og:title\" content=\"Disclaimer - Prodiz Memoria\" \/>\n<meta property=\"og:description\" content=\"Aceptaci\u00f3n de pedidos Todos los pedidos se aceptan y procesan solo de acuerdo con las siguientes condiciones. El contratista \/ cliente \/ usuario acepta estas condiciones al utilizar el software Prodiz Memoria. Una vez procesado el pedido, el archivo transferidoLees meer\" \/>\n<meta property=\"og:url\" content=\"https:\/\/prodizmemoria.com\/disclaimer\/\" \/>\n<meta property=\"og:site_name\" content=\"Prodiz Memoria\" \/>\n<meta property=\"article:modified_time\" content=\"2021-04-13T08:49:53+00:00\" \/>\n<meta name=\"twitter:card\" content=\"summary_large_image\" \/>\n<meta name=\"twitter:label1\" content=\"Tiempo de lectura\">\n\t<meta name=\"twitter:data1\" content=\"5 minutos\">\n<script type=\"application\/ld+json\" class=\"yoast-schema-graph\">{\"@context\":\"https:\/\/schema.org\",\"@graph\":[{\"@type\":\"WebSite\",\"@id\":\"https:\/\/prodizmemoria.com\/#website\",\"url\":\"https:\/\/prodizmemoria.com\/\",\"name\":\"Prodiz Memoria\",\"description\":\"En nog een WordPress site\",\"potentialAction\":[{\"@type\":\"SearchAction\",\"target\":\"https:\/\/prodizmemoria.com\/?s={search_term_string}\",\"query-input\":\"required name=search_term_string\"}],\"inLanguage\":\"es\"},{\"@type\":\"WebPage\",\"@id\":\"https:\/\/prodizmemoria.com\/disclaimer\/#webpage\",\"url\":\"https:\/\/prodizmemoria.com\/disclaimer\/\",\"name\":\"Disclaimer - Prodiz Memoria\",\"isPartOf\":{\"@id\":\"https:\/\/prodizmemoria.com\/#website\"},\"datePublished\":\"2020-03-12T07:41:36+00:00\",\"dateModified\":\"2021-04-13T08:49:53+00:00\",\"breadcrumb\":{\"@id\":\"https:\/\/prodizmemoria.com\/disclaimer\/#breadcrumb\"},\"inLanguage\":\"es\",\"potentialAction\":[{\"@type\":\"ReadAction\",\"target\":[\"https:\/\/prodizmemoria.com\/disclaimer\/\"]}]},{\"@type\":\"BreadcrumbList\",\"@id\":\"https:\/\/prodizmemoria.com\/disclaimer\/#breadcrumb\",\"itemListElement\":[{\"@type\":\"ListItem\",\"position\":1,\"item\":{\"@type\":\"WebPage\",\"@id\":\"https:\/\/prodizmemoria.com\/\",\"url\":\"https:\/\/prodizmemoria.com\/\",\"name\":\"Home\"}},{\"@type\":\"ListItem\",\"position\":2,\"item\":{\"@id\":\"https:\/\/prodizmemoria.com\/disclaimer\/#webpage\"}}]}]}<\/script>\n<!-- \/ Yoast SEO plugin. -->","_links":{"self":[{"href":"https:\/\/prodizmemoria.com\/es\/wp-json\/wp\/v2\/pages\/36"}],"collection":[{"href":"https:\/\/prodizmemoria.com\/es\/wp-json\/wp\/v2\/pages"}],"about":[{"href":"https:\/\/prodizmemoria.com\/es\/wp-json\/wp\/v2\/types\/page"}],"author":[{"embeddable":true,"href":"https:\/\/prodizmemoria.com\/es\/wp-json\/wp\/v2\/users\/1"}],"replies":[{"embeddable":true,"href":"https:\/\/prodizmemoria.com\/es\/wp-json\/wp\/v2\/comments?post=36"}],"version-history":[{"count":6,"href":"https:\/\/prodizmemoria.com\/es\/wp-json\/wp\/v2\/pages\/36\/revisions"}],"predecessor-version":[{"id":449,"href":"https:\/\/prodizmemoria.com\/es\/wp-json\/wp\/v2\/pages\/36\/revisions\/449"}],"wp:attachment":[{"href":"https:\/\/prodizmemoria.com\/es\/wp-json\/wp\/v2\/media?parent=36"}],"curies":[{"name":"wp","href":"https:\/\/api.w.org\/{rel}","templated":true}]}}