{"id":39,"date":"2020-03-12T07:42:52","date_gmt":"2020-03-12T07:42:52","guid":{"rendered":"https:\/\/prodizmemoria.com\/?page_id=39"},"modified":"2021-04-13T08:46:38","modified_gmt":"2021-04-13T08:46:38","slug":"privacy-policy","status":"publish","type":"page","link":"https:\/\/prodizmemoria.com\/es\/privacy-policy\/","title":{"rendered":"Privacy Policy"},"content":{"rendered":"<p><strong>Pol\u00edtica de privacidad \u00daltima actualizaci\u00f3n: 01-01-2020<\/strong><\/p>\n<p>Como Prodiz Memoria estamos activos en https:\/\/www.prodizmemoria.com y la aplicaci\u00f3n web Prodiz Memoria. Esta p\u00e1gina le informa sobre nuestras pol\u00edticas con respecto a la recopilaci\u00f3n, uso y divulgaci\u00f3n de informaci\u00f3n personal que recibimos de los usuarios del sitio. Solo usamos su informaci\u00f3n personal para proporcionar y mejorar el sitio. Al usar el sitio web, usted acepta la recopilaci\u00f3n y el uso de informaci\u00f3n de acuerdo con esta pol\u00edtica.<\/p>\n<p><strong>Recopilaci\u00f3n y uso de informaci\u00f3n<br \/>\n<\/strong>Mientras utiliza nuestro sitio web, es posible que le pidamos que nos proporcione cierta informaci\u00f3n de identificaci\u00f3n personal que pueda usarse para contactarle o identificarle. La informaci\u00f3n de identificaci\u00f3n personal puede incluir, entre otros, su nombre (\u201cInformacion personal\u201d).<\/p>\n<p><strong>Dato de registro<\/strong><br \/>\nComo muchos operadores de sitios web, recopilamos informaci\u00f3n que su navegador env\u00eda cuando visita nuestro sitio. (\u2018Dato de registro\u2019). Estos datos de registro pueden incluir informaci\u00f3n como la direcci\u00f3n de Protocolo de Internet (\u00abIP\u00bb) de su computadora, el tipo de navegador, la versi\u00f3n del navegador, las p\u00e1ginas de nuestro sitio web que visita, la hora y fecha de su visita, el tiempo que pas\u00f3 en esas p\u00e1ginas y otras estad\u00edsticas. Adem\u00e1s, podemos utilizar servicios de terceros, como Google Analytics, que recopilan, controlan y analizan esto.<\/p>\n<p><strong>Comunicaci\u00f3n<\/strong><br \/>\nPodemos utilizar su informaci\u00f3n personal para comunicarnos con usted con boletines, materiales de marketing o promocionales y otra informaci\u00f3n relacionada con nuestro producto.<\/p>\n<p><strong>Cookies<\/strong><br \/>\nLas cookies son archivos con una peque\u00f1a cantidad de datos, que pueden contener un identificador \u00fanico an\u00f3nimo. Las cookies se env\u00edan a su navegador desde un sitio web y se almacenan en el disco duro de su ordenador. Como muchos sitios web, utilizamos \u00abcookies\u00bb para recopilar informaci\u00f3n. Puede indicar a su navegador que rechace todas las cookies o que indique cu\u00e1ndo se env\u00eda una cookie. Sin embargo, si no acepta las cookies, es posible que no pueda utilizar algunas partes de nuestro sitio web.<\/p>\n<p><strong>Seguridad<\/strong><br \/>\nLa seguridad de su informaci\u00f3n personal es importante para nosotros, pero recuerde que ning\u00fan m\u00e9todo de transmisi\u00f3n a trav\u00e9s de Internet o almacenamiento electr\u00f3nico es 100% seguro. Si bien nos esforzamos por utilizar medios comercialmente aceptables para proteger su informaci\u00f3n personal, no podemos garantizar su absoluta seguridad.<\/p>\n<p><strong>Cambios a esta pol\u00edtica de privacidad<\/strong><br \/>\nEsta Pol\u00edtica de privacidad es efectiva a partir del 01-01-2020 y permanecer\u00e1 vigente excepto con respecto a cualquier cambio a sus disposiciones en el futuro, que entrar\u00e1 en vigencia inmediatamente despu\u00e9s de su publicaci\u00f3n en esta p\u00e1gina. Nos reservamos el derecho de actualizar o cambiar nuestra Pol\u00edtica de privacidad en cualquier momento y debe revisar esta Pol\u00edtica de privacidad peri\u00f3dicamente. Su uso continuado del servicio despu\u00e9s de que publiquemos cualquier cambio en la Pol\u00edtica de privacidad en esta p\u00e1gina constituye su confirmaci\u00f3n de los cambios y su consentimiento para cumplir y estar sujeto a la Pol\u00edtica de privacidad enmendada. Si realizamos cambios sustanciales a esta Pol\u00edtica de privacidad, se lo notificaremos a trav\u00e9s de la direcci\u00f3n de correo electr\u00f3nico que nos ha proporcionado o mediante la publicaci\u00f3n de un aviso destacado en nuestro sitio web.<\/p>\n<p>Si tiene alguna pregunta sobre esta pol\u00edtica de privacidad, comun\u00edquese con nosotros.<\/p>","protected":false},"excerpt":{"rendered":"<p>Pol\u00edtica de privacidad \u00daltima actualizaci\u00f3n: 01-01-2020 Como Prodiz Memoria estamos activos en https:\/\/www.prodizmemoria.com y la aplicaci\u00f3n web Prodiz Memoria. Esta p\u00e1gina le informa sobre nuestras pol\u00edticas con respecto a la recopilaci\u00f3n, uso y divulgaci\u00f3n de informaci\u00f3n personal que recibimos de<a class=\"more-link\" href=\"https:\/\/prodizmemoria.com\/es\/privacy-policy\/\">Lees meer<\/a><\/p>\n","protected":false},"author":1,"featured_media":0,"parent":0,"menu_order":0,"comment_status":"closed","ping_status":"closed","template":"","meta":[],"yoast_head":"<!-- This site is optimized with the Yoast SEO plugin v16.2 - https:\/\/yoast.com\/wordpress\/plugins\/seo\/ -->\n<title>Privacy Policy - Prodiz Memoria<\/title>\n<meta name=\"robots\" content=\"index, follow, max-snippet:-1, max-image-preview:large, max-video-preview:-1\" \/>\n<link rel=\"canonical\" href=\"https:\/\/prodizmemoria.com\/privacy-policy\/\" \/>\n<meta property=\"og:locale\" content=\"es_ES\" \/>\n<meta property=\"og:type\" content=\"article\" \/>\n<meta property=\"og:title\" content=\"Privacy Policy - Prodiz Memoria\" \/>\n<meta property=\"og:description\" content=\"Pol\u00edtica de privacidad \u00daltima actualizaci\u00f3n: 01-01-2020 Como Prodiz Memoria estamos activos en https:\/\/www.prodizmemoria.com y la aplicaci\u00f3n web Prodiz Memoria. Esta p\u00e1gina le informa sobre nuestras pol\u00edticas con respecto a la recopilaci\u00f3n, uso y divulgaci\u00f3n de informaci\u00f3n personal que recibimos deLees meer\" \/>\n<meta property=\"og:url\" content=\"https:\/\/prodizmemoria.com\/privacy-policy\/\" \/>\n<meta property=\"og:site_name\" content=\"Prodiz Memoria\" \/>\n<meta property=\"article:modified_time\" content=\"2021-04-13T08:46:38+00:00\" \/>\n<meta name=\"twitter:card\" content=\"summary_large_image\" \/>\n<meta name=\"twitter:label1\" content=\"Tiempo de lectura\">\n\t<meta name=\"twitter:data1\" content=\"8 minutos\">\n<script type=\"application\/ld+json\" class=\"yoast-schema-graph\">{\"@context\":\"https:\/\/schema.org\",\"@graph\":[{\"@type\":\"WebSite\",\"@id\":\"https:\/\/prodizmemoria.com\/#website\",\"url\":\"https:\/\/prodizmemoria.com\/\",\"name\":\"Prodiz Memoria\",\"description\":\"En nog een WordPress site\",\"potentialAction\":[{\"@type\":\"SearchAction\",\"target\":\"https:\/\/prodizmemoria.com\/?s={search_term_string}\",\"query-input\":\"required name=search_term_string\"}],\"inLanguage\":\"es\"},{\"@type\":\"WebPage\",\"@id\":\"https:\/\/prodizmemoria.com\/privacy-policy\/#webpage\",\"url\":\"https:\/\/prodizmemoria.com\/privacy-policy\/\",\"name\":\"Privacy Policy - Prodiz Memoria\",\"isPartOf\":{\"@id\":\"https:\/\/prodizmemoria.com\/#website\"},\"datePublished\":\"2020-03-12T07:42:52+00:00\",\"dateModified\":\"2021-04-13T08:46:38+00:00\",\"breadcrumb\":{\"@id\":\"https:\/\/prodizmemoria.com\/privacy-policy\/#breadcrumb\"},\"inLanguage\":\"es\",\"potentialAction\":[{\"@type\":\"ReadAction\",\"target\":[\"https:\/\/prodizmemoria.com\/privacy-policy\/\"]}]},{\"@type\":\"BreadcrumbList\",\"@id\":\"https:\/\/prodizmemoria.com\/privacy-policy\/#breadcrumb\",\"itemListElement\":[{\"@type\":\"ListItem\",\"position\":1,\"item\":{\"@type\":\"WebPage\",\"@id\":\"https:\/\/prodizmemoria.com\/\",\"url\":\"https:\/\/prodizmemoria.com\/\",\"name\":\"Home\"}},{\"@type\":\"ListItem\",\"position\":2,\"item\":{\"@id\":\"https:\/\/prodizmemoria.com\/privacy-policy\/#webpage\"}}]}]}<\/script>\n<!-- \/ Yoast SEO plugin. -->","_links":{"self":[{"href":"https:\/\/prodizmemoria.com\/es\/wp-json\/wp\/v2\/pages\/39"}],"collection":[{"href":"https:\/\/prodizmemoria.com\/es\/wp-json\/wp\/v2\/pages"}],"about":[{"href":"https:\/\/prodizmemoria.com\/es\/wp-json\/wp\/v2\/types\/page"}],"author":[{"embeddable":true,"href":"https:\/\/prodizmemoria.com\/es\/wp-json\/wp\/v2\/users\/1"}],"replies":[{"embeddable":true,"href":"https:\/\/prodizmemoria.com\/es\/wp-json\/wp\/v2\/comments?post=39"}],"version-history":[{"count":3,"href":"https:\/\/prodizmemoria.com\/es\/wp-json\/wp\/v2\/pages\/39\/revisions"}],"predecessor-version":[{"id":448,"href":"https:\/\/prodizmemoria.com\/es\/wp-json\/wp\/v2\/pages\/39\/revisions\/448"}],"wp:attachment":[{"href":"https:\/\/prodizmemoria.com\/es\/wp-json\/wp\/v2\/media?parent=39"}],"curies":[{"name":"wp","href":"https:\/\/api.w.org\/{rel}","templated":true}]}}