{"id":500,"date":"2026-04-01T07:35:05","date_gmt":"2026-04-01T07:35:05","guid":{"rendered":"https:\/\/prodizmemoria.com\/?page_id=500"},"modified":"2026-04-01T07:35:29","modified_gmt":"2026-04-01T07:35:29","slug":"muziekboek","status":"publish","type":"page","link":"https:\/\/prodizmemoria.com\/es\/muziekboek\/","title":{"rendered":"Muziekboek"},"content":{"rendered":"<p class=\"qtranxs-available-languages-message qtranxs-available-languages-message-es\">Disculpa, pero esta entrada est\u00e1 disponible s\u00f3lo en <a href=\"https:\/\/prodizmemoria.com\/en\/wp-json\/wp\/v2\/pages\/500\" class=\"qtranxs-available-language-link qtranxs-available-language-link-en\" title=\"English\">Ingl\u00e9s Estadounidense<\/a>. For the sake of viewer convenience, the content is shown below in the alternative language. You may click the link to switch the active language.<\/p><p>Test<\/p>","protected":false},"excerpt":{"rendered":"<p>Disculpa, pero esta entrada est\u00e1 disponible s\u00f3lo en Ingl\u00e9s Estadounidense. For the sake of viewer convenience, the content is shown below in the alternative language. You may click the link to switch the active language.Test<\/p>\n","protected":false},"author":1,"featured_media":0,"parent":0,"menu_order":0,"comment_status":"closed","ping_status":"closed","template":"","meta":[],"yoast_head":"<!-- This site is optimized with the Yoast SEO plugin v16.2 - https:\/\/yoast.com\/wordpress\/plugins\/seo\/ -->\n<title>Muziekboek - Prodiz Memoria<\/title>\n<meta name=\"robots\" content=\"index, follow, max-snippet:-1, max-image-preview:large, max-video-preview:-1\" \/>\n<link rel=\"canonical\" href=\"https:\/\/prodizmemoria.com\/muziekboek\/\" \/>\n<meta property=\"og:locale\" content=\"es_ES\" \/>\n<meta property=\"og:type\" content=\"article\" \/>\n<meta property=\"og:title\" content=\"Muziekboek - Prodiz Memoria\" \/>\n<meta property=\"og:description\" content=\"Disculpa, pero esta entrada est\u00e1 disponible s\u00f3lo en Ingl\u00e9s Estadounidense. For the sake of viewer convenience, the content is shown below in the alternative language. You may click the link to switch the active language.Test\" \/>\n<meta property=\"og:url\" content=\"https:\/\/prodizmemoria.com\/muziekboek\/\" \/>\n<meta property=\"og:site_name\" content=\"Prodiz Memoria\" \/>\n<meta property=\"article:modified_time\" content=\"2026-04-01T07:35:29+00:00\" \/>\n<meta name=\"twitter:card\" content=\"summary_large_image\" \/>\n<meta name=\"twitter:label1\" content=\"Tiempo de lectura\">\n\t<meta name=\"twitter:data1\" content=\"1 minuto\">\n<script type=\"application\/ld+json\" class=\"yoast-schema-graph\">{\"@context\":\"https:\/\/schema.org\",\"@graph\":[{\"@type\":\"WebSite\",\"@id\":\"https:\/\/prodizmemoria.com\/#website\",\"url\":\"https:\/\/prodizmemoria.com\/\",\"name\":\"Prodiz Memoria\",\"description\":\"En nog een WordPress site\",\"potentialAction\":[{\"@type\":\"SearchAction\",\"target\":\"https:\/\/prodizmemoria.com\/?s={search_term_string}\",\"query-input\":\"required name=search_term_string\"}],\"inLanguage\":\"es\"},{\"@type\":\"WebPage\",\"@id\":\"https:\/\/prodizmemoria.com\/muziekboek\/#webpage\",\"url\":\"https:\/\/prodizmemoria.com\/muziekboek\/\",\"name\":\"Muziekboek - Prodiz Memoria\",\"isPartOf\":{\"@id\":\"https:\/\/prodizmemoria.com\/#website\"},\"datePublished\":\"2026-04-01T07:35:05+00:00\",\"dateModified\":\"2026-04-01T07:35:29+00:00\",\"breadcrumb\":{\"@id\":\"https:\/\/prodizmemoria.com\/muziekboek\/#breadcrumb\"},\"inLanguage\":\"es\",\"potentialAction\":[{\"@type\":\"ReadAction\",\"target\":[\"https:\/\/prodizmemoria.com\/muziekboek\/\"]}]},{\"@type\":\"BreadcrumbList\",\"@id\":\"https:\/\/prodizmemoria.com\/muziekboek\/#breadcrumb\",\"itemListElement\":[{\"@type\":\"ListItem\",\"position\":1,\"item\":{\"@type\":\"WebPage\",\"@id\":\"https:\/\/prodizmemoria.com\/\",\"url\":\"https:\/\/prodizmemoria.com\/\",\"name\":\"Home\"}},{\"@type\":\"ListItem\",\"position\":2,\"item\":{\"@id\":\"https:\/\/prodizmemoria.com\/muziekboek\/#webpage\"}}]}]}<\/script>\n<!-- \/ Yoast SEO plugin. -->","_links":{"self":[{"href":"https:\/\/prodizmemoria.com\/es\/wp-json\/wp\/v2\/pages\/500"}],"collection":[{"href":"https:\/\/prodizmemoria.com\/es\/wp-json\/wp\/v2\/pages"}],"about":[{"href":"https:\/\/prodizmemoria.com\/es\/wp-json\/wp\/v2\/types\/page"}],"author":[{"embeddable":true,"href":"https:\/\/prodizmemoria.com\/es\/wp-json\/wp\/v2\/users\/1"}],"replies":[{"embeddable":true,"href":"https:\/\/prodizmemoria.com\/es\/wp-json\/wp\/v2\/comments?post=500"}],"version-history":[{"count":2,"href":"https:\/\/prodizmemoria.com\/es\/wp-json\/wp\/v2\/pages\/500\/revisions"}],"predecessor-version":[{"id":502,"href":"https:\/\/prodizmemoria.com\/es\/wp-json\/wp\/v2\/pages\/500\/revisions\/502"}],"wp:attachment":[{"href":"https:\/\/prodizmemoria.com\/es\/wp-json\/wp\/v2\/media?parent=500"}],"curies":[{"name":"wp","href":"https:\/\/api.w.org\/{rel}","templated":true}]}}