{"id":68,"date":"2020-06-12T14:08:11","date_gmt":"2020-06-12T14:08:11","guid":{"rendered":"https:\/\/prodizmemoria.com\/?page_id=68"},"modified":"2020-10-06T13:40:28","modified_gmt":"2020-10-06T13:40:28","slug":"algemene-voorwaarden","status":"publish","type":"page","link":"https:\/\/prodizmemoria.com\/es\/algemene-voorwaarden\/","title":{"rendered":"Algemene Voorwaarden"},"content":{"rendered":"<p class=\"qtranxs-available-languages-message qtranxs-available-languages-message-es\">Disculpa, pero esta entrada est\u00e1 disponible s\u00f3lo en <a href=\"https:\/\/prodizmemoria.com\/nl\/wp-json\/wp\/v2\/pages\/68\" class=\"qtranxs-available-language-link qtranxs-available-language-link-nl\" title=\"Nederlands\">Neerland\u00e9s<\/a>. For the sake of viewer convenience, the content is shown below in the alternative language. You may click the link to switch the active language.<\/p><p><\/p>\n<div class=\"modal-body\">\n<div class=\"row-fluid\">\n<div class=\"span12\">\n<p><strong>1. Opdracht aanname<\/strong><br \/>\nAlle opdrachten worden alleen volgens onderstaande voorwaarden aangenomen en verwerkt. De opdrachtgever \/ klant \/ gebruiker aanvaardt deze voorwaarden bij het gebruik van de Prodiz Memoria software. Na verwerking van de opdracht wordt het door de klant overgedragen bestand bewaard op de server van Prodiz Memoria voor maximaal 14 dagen na productie.<\/p>\n<p>&nbsp;<\/p>\n<p><strong>2. Auteursrecht<\/strong><br \/>\nDe opdrachtgever \/ klant \/ gebruiker is verantwoordelijk voor de inhoud van het overgedragen bestand. Prodiz Memoria aanvaardt geen aansprakelijkheid voor de inhoud van het bestand. Prodiz Memoria gaat ervan uit dat het auteursrecht van het bestand berust bij de klant. Voor eventuele gevolgen van onrechtmatig gebruik van beschermde data is uitsluitend de opdrachtgever \/ klant \/ gebruiker aansprakelijk. Daarnaast dient de opdrachtgever zich bij de bestelling \/ productie en eventuele verspreiding van het materiaal strikt te houden aan de wettelijke bepalingen van het desbetreffende land.<\/p>\n<p>&nbsp;<\/p>\n<p><strong>3. Aansprakelijkheid<\/strong><br \/>\nVoor beschadiging of verlies van de bestanden kan Prodiz Memoria in geen enkel geval aansprakelijk gesteld worden. Prodiz Memoria stelt nadrukkelijk vast dat de kwaliteit van de video of ander beeld materiaal in de gemaakte video nooit beter zal kunnen zijn dan mag worden verwacht op basis van hetgeen de opdrachtgever bij het gebruik van de Prodiz Memoria creator \/ applicatie op zijn computerscherm te zien krijgt. De aansprakelijkheid van Prodiz Memoria blijft beperkt tot verwijtbare productiefouten.<\/p>\n<p>&nbsp;<\/p>\n<p><strong>4. Levertijd<\/strong><br \/>\nAlle opdrachten worden verwerkt als eerstvolgende na ontvangst op de server. Vertragingen in de levertijden kunnen geen aanleiding geven tot annulering van de opdracht of tot schadevergoeding.<\/p>\n<p>&nbsp;<\/p>\n<p><strong>5. Garantie<\/strong><br \/>\nReclamaties dienen, voorzover het een duidelijke klacht betreft, uiterlijk binnen twee weken, na levering van de door de opdrachtgever \/ klant \/ gebruiker gegeven opdracht, kenbaar gemaakt te worden. Bij gegronde klachten kan uitsluitend aanspraak worden gemaakt op het opnieuw uitvoeren van de opdracht.<\/p>\n<p>&nbsp;<\/p>\n<p><strong>Prodiz Memoria<\/strong><br \/>\nProdiz Memoria is onderdeel van DesignXpress BV \/ Aandachttrekkers<br \/>\nDesignXpress BV | Handelend onder naam van Aandachttrekkers<\/p>\n<p>De Hulst 17<br \/>\n5807 EW Oostrum<br \/>\nThe Netherlands<br \/>\nKVK nummer : 12048608<br \/>\nBTW nummer: NL818042825B01<\/p>\n<p>Prodiz Memoria \u00a9 2020<\/p>\n<p>&nbsp;<\/p>\n<\/div>\n<\/div>\n<\/div>\n<p><\/p>","protected":false},"excerpt":{"rendered":"<p>Disculpa, pero esta entrada est\u00e1 disponible s\u00f3lo en Neerland\u00e9s. For the sake of viewer convenience, the content is shown below in the alternative language. You may click the link to switch the active language. 1. Opdracht aanname Alle opdrachten worden<a class=\"more-link\" href=\"https:\/\/prodizmemoria.com\/es\/algemene-voorwaarden\/\">Lees meer<\/a><\/p>\n","protected":false},"author":2,"featured_media":0,"parent":0,"menu_order":0,"comment_status":"closed","ping_status":"closed","template":"","meta":[],"yoast_head":"<!-- This site is optimized with the Yoast SEO plugin v16.2 - https:\/\/yoast.com\/wordpress\/plugins\/seo\/ -->\n<title>Algemene Voorwaarden - Prodiz Memoria<\/title>\n<meta name=\"robots\" content=\"index, follow, max-snippet:-1, max-image-preview:large, max-video-preview:-1\" \/>\n<link rel=\"canonical\" href=\"https:\/\/prodizmemoria.com\/algemene-voorwaarden\/\" \/>\n<meta property=\"og:locale\" content=\"es_ES\" \/>\n<meta property=\"og:type\" content=\"article\" \/>\n<meta property=\"og:title\" content=\"Algemene Voorwaarden - Prodiz Memoria\" \/>\n<meta property=\"og:description\" content=\"Disculpa, pero esta entrada est\u00e1 disponible s\u00f3lo en Neerland\u00e9s. For the sake of viewer convenience, the content is shown below in the alternative language. You may click the link to switch the active language. 1. Opdracht aanname Alle opdrachten wordenLees meer\" \/>\n<meta property=\"og:url\" content=\"https:\/\/prodizmemoria.com\/algemene-voorwaarden\/\" \/>\n<meta property=\"og:site_name\" content=\"Prodiz Memoria\" \/>\n<meta property=\"article:modified_time\" content=\"2020-10-06T13:40:28+00:00\" \/>\n<meta name=\"twitter:card\" content=\"summary_large_image\" \/>\n<meta name=\"twitter:label1\" content=\"Tiempo de lectura\">\n\t<meta name=\"twitter:data1\" content=\"2 minutos\">\n<script type=\"application\/ld+json\" class=\"yoast-schema-graph\">{\"@context\":\"https:\/\/schema.org\",\"@graph\":[{\"@type\":\"WebSite\",\"@id\":\"https:\/\/prodizmemoria.com\/#website\",\"url\":\"https:\/\/prodizmemoria.com\/\",\"name\":\"Prodiz Memoria\",\"description\":\"En nog een WordPress site\",\"potentialAction\":[{\"@type\":\"SearchAction\",\"target\":\"https:\/\/prodizmemoria.com\/?s={search_term_string}\",\"query-input\":\"required name=search_term_string\"}],\"inLanguage\":\"es\"},{\"@type\":\"WebPage\",\"@id\":\"https:\/\/prodizmemoria.com\/algemene-voorwaarden\/#webpage\",\"url\":\"https:\/\/prodizmemoria.com\/algemene-voorwaarden\/\",\"name\":\"Algemene Voorwaarden - Prodiz Memoria\",\"isPartOf\":{\"@id\":\"https:\/\/prodizmemoria.com\/#website\"},\"datePublished\":\"2020-06-12T14:08:11+00:00\",\"dateModified\":\"2020-10-06T13:40:28+00:00\",\"breadcrumb\":{\"@id\":\"https:\/\/prodizmemoria.com\/algemene-voorwaarden\/#breadcrumb\"},\"inLanguage\":\"es\",\"potentialAction\":[{\"@type\":\"ReadAction\",\"target\":[\"https:\/\/prodizmemoria.com\/algemene-voorwaarden\/\"]}]},{\"@type\":\"BreadcrumbList\",\"@id\":\"https:\/\/prodizmemoria.com\/algemene-voorwaarden\/#breadcrumb\",\"itemListElement\":[{\"@type\":\"ListItem\",\"position\":1,\"item\":{\"@type\":\"WebPage\",\"@id\":\"https:\/\/prodizmemoria.com\/\",\"url\":\"https:\/\/prodizmemoria.com\/\",\"name\":\"Home\"}},{\"@type\":\"ListItem\",\"position\":2,\"item\":{\"@id\":\"https:\/\/prodizmemoria.com\/algemene-voorwaarden\/#webpage\"}}]}]}<\/script>\n<!-- \/ Yoast SEO plugin. -->","_links":{"self":[{"href":"https:\/\/prodizmemoria.com\/es\/wp-json\/wp\/v2\/pages\/68"}],"collection":[{"href":"https:\/\/prodizmemoria.com\/es\/wp-json\/wp\/v2\/pages"}],"about":[{"href":"https:\/\/prodizmemoria.com\/es\/wp-json\/wp\/v2\/types\/page"}],"author":[{"embeddable":true,"href":"https:\/\/prodizmemoria.com\/es\/wp-json\/wp\/v2\/users\/2"}],"replies":[{"embeddable":true,"href":"https:\/\/prodizmemoria.com\/es\/wp-json\/wp\/v2\/comments?post=68"}],"version-history":[{"count":4,"href":"https:\/\/prodizmemoria.com\/es\/wp-json\/wp\/v2\/pages\/68\/revisions"}],"predecessor-version":[{"id":118,"href":"https:\/\/prodizmemoria.com\/es\/wp-json\/wp\/v2\/pages\/68\/revisions\/118"}],"wp:attachment":[{"href":"https:\/\/prodizmemoria.com\/es\/wp-json\/wp\/v2\/media?parent=68"}],"curies":[{"name":"wp","href":"https:\/\/api.w.org\/{rel}","templated":true}]}}